{"id":6138,"date":"2022-11-11T15:25:00","date_gmt":"2022-11-11T13:25:00","guid":{"rendered":"https:\/\/artmania.gr\/?post_type=product&#038;p=6138"},"modified":"2025-05-14T11:11:20","modified_gmt":"2025-05-14T08:11:20","slug":"rene-magritte-rene-francois-ghislain-magritte-quot-special-edition-from-the-comic-league-quot-comic-pop-art-t-shirt-mayro","status":"publish","type":"product","link":"https:\/\/artmania.gr\/el\/product\/rene-magritte-rene-francois-ghislain-magritte-quot-special-edition-from-the-comic-league-quot-comic-pop-art-t-shirt-mayro\/","title":{"rendered":"Ren\u00e9 Magritte (Ren\u00e9 Fran\u00e7ois Ghislain Magritte) &#8220;Special Edition From The Comic League&#8221; Unisex Crewneck T-shirt"},"content":{"rendered":"<p class=\"\" data-start=\"339\" data-end=\"806\">Dive into the dream\u2011like world of Magritte with this eye\u2011catching crewneck tee. At its center, the artist\u2019s unmistakable silhouette\u2014bowler hat perched just so\u2014is framed by a levitating green apple rendered in thick, charcoal\u2011black outlines that emphasize every curve. Concentric halftone dots in mustard yellow and teal radiate outward, creating a striking Pop Art halo that contrasts beautifully against the midnight\u2011blue backdrop.<\/p>\n<p class=\"\" data-start=\"808\" data-end=\"1109\">A sleek ribbon\u2011style banner arches above the artwork, proclaiming \u201cSpecial Edition From The Comic League\u201d in retro comic\u2011book lettering\u2014underscoring the tee\u2019s limited\u2011run, collectible status. Subtle accents of magenta halftone on the apple and collar add a playful counterpoint to the overall palette.<\/p>\n<p class=\"\" data-start=\"1111\" data-end=\"1631\">Printed on premium mid\u2011weight ring\u2011spun cotton, this unisex crewneck offers the perfect balance of softness and structure. The reinforced collar holds its shape through countless wears, while double\u2011stitched hems ensure lasting durability. Precision screen\u2011printing locks in every halftone dot and bold outline for long\u2011lasting vibrancy. Whether you\u2019re strolling an art gallery, heading to a creative meetup, or simply making a statement on the street, this tee brings Magritte\u2019s surreal genius into your everyday style.<\/p>","protected":false},"excerpt":{"rendered":"<p class=\"\" data-start=\"0\" data-end=\"332\">Celebrate surrealism in bold Pop Art style with the \u201cRen\u00e9 Magritte (Ren\u00e9 Fran\u00e7ois Ghislain Magritte)\u00a0\u2013 Special Edition From The Comic League\u201d Unisex Crewneck T\u2011Shirt. Featuring the iconic bowler\u2011hatted silhouette and floating green apple in vibrant halftone bursts, this exclusive tee is a collector\u2019s dream.<\/p>","protected":false},"featured_media":6144,"comment_status":"open","ping_status":"closed","template":"","meta":[],"product_brand":[91],"product_cat":[80,77],"product_tag":[356,134,136,138,953,137,85,1079,1080,617,201],"class_list":{"0":"post-6138","1":"product","2":"type-product","3":"status-publish","4":"has-post-thumbnail","6":"product_brand-artmania","7":"product_cat-moda","8":"product_cat-andrika-mployzakia","9":"product_tag-art","10":"product_tag-artmania","11":"product_tag-black","12":"product_tag-comic","13":"product_tag-historical","14":"product_tag-pop-art","15":"product_tag-popart","16":"product_tag-rene-francois-ghislain-magritte","17":"product_tag-rene-magritte","18":"product_tag-mayro","19":"product_tag-mayros","20":"pa_megethos-2xl","21":"pa_megethos-3xl","22":"pa_megethos-4xl","23":"pa_megethos-5xl","24":"pa_megethos-l","25":"pa_megethos-m","26":"pa_megethos-s","27":"pa_megethos-xl","29":"first","30":"instock","31":"taxable","32":"shipping-taxable","33":"purchasable","34":"product-type-variable"},"yoast_head":"<!-- This site is optimized with the Yoast SEO plugin v27.4 - https:\/\/yoast.com\/product\/yoast-seo-wordpress\/ -->\n<title>Ren\u00e9 Magritte (Ren\u00e9 Fran\u00e7ois Ghislain Magritte) &quot;Special Edition From The Comic League&quot; Unisex Crewneck T-shirt - ArtMania Designer Clothing Store<\/title>\n<meta name=\"robots\" content=\"index, follow, max-snippet:-1, max-image-preview:large, max-video-preview:-1\" \/>\n<link rel=\"canonical\" href=\"https:\/\/artmania.gr\/el\/product\/rene-magritte-rene-francois-ghislain-magritte-quot-special-edition-from-the-comic-league-quot-comic-pop-art-t-shirt-mayro\/\" \/>\n<meta property=\"og:locale\" content=\"el_GR\" \/>\n<meta property=\"og:type\" content=\"article\" \/>\n<meta property=\"og:title\" content=\"Ren\u00e9 Magritte (Ren\u00e9 Fran\u00e7ois Ghislain Magritte) &quot;Special Edition From The Comic League&quot; Unisex Crewneck T-shirt - ArtMania Designer Clothing Store\" \/>\n<meta property=\"og:description\" content=\"Celebrate surrealism in bold Pop Art style with the \u201cRen\u00e9 Magritte (Ren\u00e9 Fran\u00e7ois Ghislain Magritte)\u00a0\u2013 Special Edition From The Comic League\u201d Unisex Crewneck T\u2011Shirt. Featuring the iconic bowler\u2011hatted silhouette and floating green apple in vibrant halftone bursts, this exclusive tee is a collector\u2019s dream.\" \/>\n<meta property=\"og:url\" content=\"https:\/\/artmania.gr\/el\/product\/rene-magritte-rene-francois-ghislain-magritte-quot-special-edition-from-the-comic-league-quot-comic-pop-art-t-shirt-mayro\/\" \/>\n<meta property=\"og:site_name\" content=\"ArtMania Designer Clothing Store\" \/>\n<meta property=\"article:publisher\" content=\"https:\/\/www.facebook.com\/profile.php?id=100077696280517\" \/>\n<meta property=\"article:modified_time\" content=\"2025-05-14T08:11:20+00:00\" \/>\n<meta property=\"og:image\" content=\"https:\/\/artmania.gr\/wp-content\/uploads\/2022\/11\/Rene-Magritte.jpg\" \/>\n\t<meta property=\"og:image:width\" content=\"1440\" \/>\n\t<meta property=\"og:image:height\" content=\"1651\" \/>\n\t<meta property=\"og:image:type\" content=\"image\/jpeg\" \/>\n<meta name=\"twitter:card\" content=\"summary_large_image\" \/>\n<meta name=\"twitter:site\" content=\"@PampartDesign\" \/>\n<meta name=\"twitter:label1\" content=\"\u0395\u03ba\u03c4\u03b9\u03bc\u03ce\u03bc\u03b5\u03bd\u03bf\u03c2 \u03c7\u03c1\u03cc\u03bd\u03bf\u03c2 \u03b1\u03bd\u03ac\u03b3\u03bd\u03c9\u03c3\u03b7\u03c2\" \/>\n\t<meta name=\"twitter:data1\" content=\"1 \u03bb\u03b5\u03c0\u03c4\u03cc\" \/>\n<script type=\"application\/ld+json\" class=\"yoast-schema-graph\">{\"@context\":\"https:\\\/\\\/schema.org\",\"@graph\":[{\"@type\":\"WebPage\",\"@id\":\"https:\\\/\\\/artmania.gr\\\/product\\\/rene-magritte-rene-francois-ghislain-magritte-quot-special-edition-from-the-comic-league-quot-comic-pop-art-t-shirt-mayro\\\/\",\"url\":\"https:\\\/\\\/artmania.gr\\\/product\\\/rene-magritte-rene-francois-ghislain-magritte-quot-special-edition-from-the-comic-league-quot-comic-pop-art-t-shirt-mayro\\\/\",\"name\":\"Ren\u00e9 Magritte (Ren\u00e9 Fran\u00e7ois Ghislain Magritte) \\\"Special Edition From The Comic League\\\" Unisex Crewneck T-shirt - ArtMania Designer Clothing Store\",\"isPartOf\":{\"@id\":\"https:\\\/\\\/artmania.gr\\\/#website\"},\"primaryImageOfPage\":{\"@id\":\"https:\\\/\\\/artmania.gr\\\/product\\\/rene-magritte-rene-francois-ghislain-magritte-quot-special-edition-from-the-comic-league-quot-comic-pop-art-t-shirt-mayro\\\/#primaryimage\"},\"image\":{\"@id\":\"https:\\\/\\\/artmania.gr\\\/product\\\/rene-magritte-rene-francois-ghislain-magritte-quot-special-edition-from-the-comic-league-quot-comic-pop-art-t-shirt-mayro\\\/#primaryimage\"},\"thumbnailUrl\":\"https:\\\/\\\/artmania.gr\\\/wp-content\\\/uploads\\\/2022\\\/11\\\/Rene-Magritte.jpg\",\"datePublished\":\"2022-11-11T13:25:00+00:00\",\"dateModified\":\"2025-05-14T08:11:20+00:00\",\"breadcrumb\":{\"@id\":\"https:\\\/\\\/artmania.gr\\\/product\\\/rene-magritte-rene-francois-ghislain-magritte-quot-special-edition-from-the-comic-league-quot-comic-pop-art-t-shirt-mayro\\\/#breadcrumb\"},\"inLanguage\":\"el\",\"potentialAction\":[{\"@type\":\"ReadAction\",\"target\":[\"https:\\\/\\\/artmania.gr\\\/product\\\/rene-magritte-rene-francois-ghislain-magritte-quot-special-edition-from-the-comic-league-quot-comic-pop-art-t-shirt-mayro\\\/\"]}]},{\"@type\":\"ImageObject\",\"inLanguage\":\"el\",\"@id\":\"https:\\\/\\\/artmania.gr\\\/product\\\/rene-magritte-rene-francois-ghislain-magritte-quot-special-edition-from-the-comic-league-quot-comic-pop-art-t-shirt-mayro\\\/#primaryimage\",\"url\":\"https:\\\/\\\/artmania.gr\\\/wp-content\\\/uploads\\\/2022\\\/11\\\/Rene-Magritte.jpg\",\"contentUrl\":\"https:\\\/\\\/artmania.gr\\\/wp-content\\\/uploads\\\/2022\\\/11\\\/Rene-Magritte.jpg\",\"width\":1440,\"height\":1651,\"caption\":\"Ren\u00e9 Magritte (Ren\u00e9 Fran\u00e7ois Ghislain Magritte) \\\"Special Edition From The Comic League\\\" Classic Unisex Crewneck T-shirt (Black)\"},{\"@type\":\"BreadcrumbList\",\"@id\":\"https:\\\/\\\/artmania.gr\\\/product\\\/rene-magritte-rene-francois-ghislain-magritte-quot-special-edition-from-the-comic-league-quot-comic-pop-art-t-shirt-mayro\\\/#breadcrumb\",\"itemListElement\":[{\"@type\":\"ListItem\",\"position\":1,\"name\":\"Home\",\"item\":\"https:\\\/\\\/artmania.gr\\\/\"},{\"@type\":\"ListItem\",\"position\":2,\"name\":\"ESHOP\",\"item\":\"https:\\\/\\\/artmania.gr\\\/eshop\\\/\"},{\"@type\":\"ListItem\",\"position\":3,\"name\":\"Ren\u00e9 Magritte (Ren\u00e9 Fran\u00e7ois Ghislain Magritte) &#8220;Special Edition From The Comic League&#8221; Unisex Crewneck T-shirt\"}]},{\"@type\":\"WebSite\",\"@id\":\"https:\\\/\\\/artmania.gr\\\/#website\",\"url\":\"https:\\\/\\\/artmania.gr\\\/\",\"name\":\"ArtMania Designer Clothing Store\",\"description\":\"Design T-Shirts,, Sneakers, Pop Art Collections, Print Posters\",\"publisher\":{\"@id\":\"https:\\\/\\\/artmania.gr\\\/#organization\"},\"potentialAction\":[{\"@type\":\"SearchAction\",\"target\":{\"@type\":\"EntryPoint\",\"urlTemplate\":\"https:\\\/\\\/artmania.gr\\\/?s={search_term_string}\"},\"query-input\":{\"@type\":\"PropertyValueSpecification\",\"valueRequired\":true,\"valueName\":\"search_term_string\"}}],\"inLanguage\":\"el\"},{\"@type\":\"Organization\",\"@id\":\"https:\\\/\\\/artmania.gr\\\/#organization\",\"name\":\"ArtMania Designer Clothing Store\",\"url\":\"https:\\\/\\\/artmania.gr\\\/\",\"logo\":{\"@type\":\"ImageObject\",\"inLanguage\":\"el\",\"@id\":\"https:\\\/\\\/artmania.gr\\\/#\\\/schema\\\/logo\\\/image\\\/\",\"url\":\"https:\\\/\\\/artmania.gr\\\/wp-content\\\/uploads\\\/2022\\\/07\\\/logo-dark.png\",\"contentUrl\":\"https:\\\/\\\/artmania.gr\\\/wp-content\\\/uploads\\\/2022\\\/07\\\/logo-dark.png\",\"width\":520,\"height\":131,\"caption\":\"ArtMania Designer Clothing Store\"},\"image\":{\"@id\":\"https:\\\/\\\/artmania.gr\\\/#\\\/schema\\\/logo\\\/image\\\/\"},\"sameAs\":[\"https:\\\/\\\/www.facebook.com\\\/profile.php?id=100077696280517\",\"https:\\\/\\\/x.com\\\/PampartDesign\",\"https:\\\/\\\/www.instagram.com\\\/artmania.gr\\\/\"]}]}<\/script>\n<!-- \/ Yoast SEO plugin. -->","yoast_head_json":{"title":"Ren\u00e9 Magritte (Ren\u00e9 Fran\u00e7ois Ghislain Magritte) \"Special Edition From The Comic League\" Unisex Crewneck T-shirt - ArtMania Designer Clothing Store","robots":{"index":"index","follow":"follow","max-snippet":"max-snippet:-1","max-image-preview":"max-image-preview:large","max-video-preview":"max-video-preview:-1"},"canonical":"https:\/\/artmania.gr\/el\/product\/rene-magritte-rene-francois-ghislain-magritte-quot-special-edition-from-the-comic-league-quot-comic-pop-art-t-shirt-mayro\/","og_locale":"el_GR","og_type":"article","og_title":"Ren\u00e9 Magritte (Ren\u00e9 Fran\u00e7ois Ghislain Magritte) \"Special Edition From The Comic League\" Unisex Crewneck T-shirt - ArtMania Designer Clothing Store","og_description":"Celebrate surrealism in bold Pop Art style with the \u201cRen\u00e9 Magritte (Ren\u00e9 Fran\u00e7ois Ghislain Magritte)\u00a0\u2013 Special Edition From The Comic League\u201d Unisex Crewneck T\u2011Shirt. Featuring the iconic bowler\u2011hatted silhouette and floating green apple in vibrant halftone bursts, this exclusive tee is a collector\u2019s dream.","og_url":"https:\/\/artmania.gr\/el\/product\/rene-magritte-rene-francois-ghislain-magritte-quot-special-edition-from-the-comic-league-quot-comic-pop-art-t-shirt-mayro\/","og_site_name":"ArtMania Designer Clothing Store","article_publisher":"https:\/\/www.facebook.com\/profile.php?id=100077696280517","article_modified_time":"2025-05-14T08:11:20+00:00","og_image":[{"width":1440,"height":1651,"url":"https:\/\/artmania.gr\/wp-content\/uploads\/2022\/11\/Rene-Magritte.jpg","type":"image\/jpeg"}],"twitter_card":"summary_large_image","twitter_site":"@PampartDesign","twitter_misc":{"\u0395\u03ba\u03c4\u03b9\u03bc\u03ce\u03bc\u03b5\u03bd\u03bf\u03c2 \u03c7\u03c1\u03cc\u03bd\u03bf\u03c2 \u03b1\u03bd\u03ac\u03b3\u03bd\u03c9\u03c3\u03b7\u03c2":"1 \u03bb\u03b5\u03c0\u03c4\u03cc"},"schema":{"@context":"https:\/\/schema.org","@graph":[{"@type":"WebPage","@id":"https:\/\/artmania.gr\/product\/rene-magritte-rene-francois-ghislain-magritte-quot-special-edition-from-the-comic-league-quot-comic-pop-art-t-shirt-mayro\/","url":"https:\/\/artmania.gr\/product\/rene-magritte-rene-francois-ghislain-magritte-quot-special-edition-from-the-comic-league-quot-comic-pop-art-t-shirt-mayro\/","name":"Ren\u00e9 Magritte (Ren\u00e9 Fran\u00e7ois Ghislain Magritte) \"Special Edition From The Comic League\" Unisex Crewneck T-shirt - ArtMania Designer Clothing Store","isPartOf":{"@id":"https:\/\/artmania.gr\/#website"},"primaryImageOfPage":{"@id":"https:\/\/artmania.gr\/product\/rene-magritte-rene-francois-ghislain-magritte-quot-special-edition-from-the-comic-league-quot-comic-pop-art-t-shirt-mayro\/#primaryimage"},"image":{"@id":"https:\/\/artmania.gr\/product\/rene-magritte-rene-francois-ghislain-magritte-quot-special-edition-from-the-comic-league-quot-comic-pop-art-t-shirt-mayro\/#primaryimage"},"thumbnailUrl":"https:\/\/artmania.gr\/wp-content\/uploads\/2022\/11\/Rene-Magritte.jpg","datePublished":"2022-11-11T13:25:00+00:00","dateModified":"2025-05-14T08:11:20+00:00","breadcrumb":{"@id":"https:\/\/artmania.gr\/product\/rene-magritte-rene-francois-ghislain-magritte-quot-special-edition-from-the-comic-league-quot-comic-pop-art-t-shirt-mayro\/#breadcrumb"},"inLanguage":"el","potentialAction":[{"@type":"ReadAction","target":["https:\/\/artmania.gr\/product\/rene-magritte-rene-francois-ghislain-magritte-quot-special-edition-from-the-comic-league-quot-comic-pop-art-t-shirt-mayro\/"]}]},{"@type":"ImageObject","inLanguage":"el","@id":"https:\/\/artmania.gr\/product\/rene-magritte-rene-francois-ghislain-magritte-quot-special-edition-from-the-comic-league-quot-comic-pop-art-t-shirt-mayro\/#primaryimage","url":"https:\/\/artmania.gr\/wp-content\/uploads\/2022\/11\/Rene-Magritte.jpg","contentUrl":"https:\/\/artmania.gr\/wp-content\/uploads\/2022\/11\/Rene-Magritte.jpg","width":1440,"height":1651,"caption":"Ren\u00e9 Magritte (Ren\u00e9 Fran\u00e7ois Ghislain Magritte) \"Special Edition From The Comic League\" Classic Unisex Crewneck T-shirt (Black)"},{"@type":"BreadcrumbList","@id":"https:\/\/artmania.gr\/product\/rene-magritte-rene-francois-ghislain-magritte-quot-special-edition-from-the-comic-league-quot-comic-pop-art-t-shirt-mayro\/#breadcrumb","itemListElement":[{"@type":"ListItem","position":1,"name":"Home","item":"https:\/\/artmania.gr\/"},{"@type":"ListItem","position":2,"name":"ESHOP","item":"https:\/\/artmania.gr\/eshop\/"},{"@type":"ListItem","position":3,"name":"Ren\u00e9 Magritte (Ren\u00e9 Fran\u00e7ois Ghislain Magritte) &#8220;Special Edition From The Comic League&#8221; Unisex Crewneck T-shirt"}]},{"@type":"WebSite","@id":"https:\/\/artmania.gr\/#website","url":"https:\/\/artmania.gr\/","name":"ArtMania Designer Clothing Store","description":"Design T-Shirts,, Sneakers, Pop Art Collections, Print Posters","publisher":{"@id":"https:\/\/artmania.gr\/#organization"},"potentialAction":[{"@type":"SearchAction","target":{"@type":"EntryPoint","urlTemplate":"https:\/\/artmania.gr\/?s={search_term_string}"},"query-input":{"@type":"PropertyValueSpecification","valueRequired":true,"valueName":"search_term_string"}}],"inLanguage":"el"},{"@type":"Organization","@id":"https:\/\/artmania.gr\/#organization","name":"ArtMania Designer Clothing Store","url":"https:\/\/artmania.gr\/","logo":{"@type":"ImageObject","inLanguage":"el","@id":"https:\/\/artmania.gr\/#\/schema\/logo\/image\/","url":"https:\/\/artmania.gr\/wp-content\/uploads\/2022\/07\/logo-dark.png","contentUrl":"https:\/\/artmania.gr\/wp-content\/uploads\/2022\/07\/logo-dark.png","width":520,"height":131,"caption":"ArtMania Designer Clothing Store"},"image":{"@id":"https:\/\/artmania.gr\/#\/schema\/logo\/image\/"},"sameAs":["https:\/\/www.facebook.com\/profile.php?id=100077696280517","https:\/\/x.com\/PampartDesign","https:\/\/www.instagram.com\/artmania.gr\/"]}]}},"_links":{"self":[{"href":"https:\/\/artmania.gr\/el\/wp-json\/wp\/v2\/product\/6138","targetHints":{"allow":["GET"]}}],"collection":[{"href":"https:\/\/artmania.gr\/el\/wp-json\/wp\/v2\/product"}],"about":[{"href":"https:\/\/artmania.gr\/el\/wp-json\/wp\/v2\/types\/product"}],"replies":[{"embeddable":true,"href":"https:\/\/artmania.gr\/el\/wp-json\/wp\/v2\/comments?post=6138"}],"wp:featuredmedia":[{"embeddable":true,"href":"https:\/\/artmania.gr\/el\/wp-json\/wp\/v2\/media\/6144"}],"wp:attachment":[{"href":"https:\/\/artmania.gr\/el\/wp-json\/wp\/v2\/media?parent=6138"}],"wp:term":[{"taxonomy":"product_brand","embeddable":true,"href":"https:\/\/artmania.gr\/el\/wp-json\/wp\/v2\/product_brand?post=6138"},{"taxonomy":"product_cat","embeddable":true,"href":"https:\/\/artmania.gr\/el\/wp-json\/wp\/v2\/product_cat?post=6138"},{"taxonomy":"product_tag","embeddable":true,"href":"https:\/\/artmania.gr\/el\/wp-json\/wp\/v2\/product_tag?post=6138"}],"curies":[{"name":"wp","href":"https:\/\/api.w.org\/{rel}","templated":true}]}}